{"id":399,"date":"2023-08-23T18:05:50","date_gmt":"2023-08-23T18:05:50","guid":{"rendered":"https:\/\/quelpaper.com.br\/?page_id=399"},"modified":"2023-08-23T18:07:35","modified_gmt":"2023-08-23T18:07:35","slug":"politica-de-privacidade","status":"publish","type":"page","link":"https:\/\/quelpaper.com.br\/index.php\/politica-de-privacidade\/","title":{"rendered":"Pol\u00edtica  de Privacidade"},"content":{"rendered":"\t\t<div data-elementor-type=\"wp-page\" data-elementor-id=\"399\" class=\"elementor elementor-399\" data-elementor-post-type=\"page\">\n\t\t\t\t\t\t\t\t\t<section class=\"elementor-section elementor-top-section elementor-element elementor-element-b39e4eb elementor-section-boxed elementor-section-height-default elementor-section-height-default\" data-id=\"b39e4eb\" data-element_type=\"section\">\n\t\t\t\t\t\t<div class=\"elementor-container elementor-column-gap-default\">\n\t\t\t\t\t<div class=\"elementor-column elementor-col-100 elementor-top-column elementor-element elementor-element-c282dbf\" data-id=\"c282dbf\" data-element_type=\"column\">\n\t\t\t<div class=\"elementor-widget-wrap elementor-element-populated\">\n\t\t\t\t\t\t\t\t<div class=\"elementor-element elementor-element-97ec616 elementor-widget elementor-widget-heading\" data-id=\"97ec616\" data-element_type=\"widget\" data-widget_type=\"heading.default\">\n\t\t\t\t<div class=\"elementor-widget-container\">\n\t\t\t<style>\/*! elementor - v3.15.0 - 20-08-2023 *\/\n.elementor-heading-title{padding:0;margin:0;line-height:1}.elementor-widget-heading .elementor-heading-title[class*=elementor-size-]>a{color:inherit;font-size:inherit;line-height:inherit}.elementor-widget-heading .elementor-heading-title.elementor-size-small{font-size:15px}.elementor-widget-heading .elementor-heading-title.elementor-size-medium{font-size:19px}.elementor-widget-heading .elementor-heading-title.elementor-size-large{font-size:29px}.elementor-widget-heading .elementor-heading-title.elementor-size-xl{font-size:39px}.elementor-widget-heading .elementor-heading-title.elementor-size-xxl{font-size:59px}<\/style><h2 class=\"elementor-heading-title elementor-size-default\">Pol\u00edtica de Privacidade<\/h2>\t\t<\/div>\n\t\t\t\t<\/div>\n\t\t\t\t\t<\/div>\n\t\t<\/div>\n\t\t\t\t\t\t\t<\/div>\n\t\t<\/section>\n\t\t\t\t<section class=\"elementor-section elementor-top-section elementor-element elementor-element-90d2b01 elementor-section-full_width elementor-section-height-default elementor-section-height-default\" data-id=\"90d2b01\" data-element_type=\"section\">\n\t\t\t\t\t\t<div class=\"elementor-container elementor-column-gap-no\">\n\t\t\t\t\t<div class=\"elementor-column elementor-col-100 elementor-top-column elementor-element elementor-element-4976067\" data-id=\"4976067\" data-element_type=\"column\">\n\t\t\t<div class=\"elementor-widget-wrap elementor-element-populated\">\n\t\t\t\t\t\t\t\t<div class=\"elementor-element elementor-element-d9999a7 elementor-widget elementor-widget-text-editor\" data-id=\"d9999a7\" data-element_type=\"widget\" data-widget_type=\"text-editor.default\">\n\t\t\t\t<div class=\"elementor-widget-container\">\n\t\t\t<style>\/*! elementor - v3.15.0 - 20-08-2023 *\/\n.elementor-widget-text-editor.elementor-drop-cap-view-stacked .elementor-drop-cap{background-color:#69727d;color:#fff}.elementor-widget-text-editor.elementor-drop-cap-view-framed .elementor-drop-cap{color:#69727d;border:3px solid;background-color:transparent}.elementor-widget-text-editor:not(.elementor-drop-cap-view-default) .elementor-drop-cap{margin-top:8px}.elementor-widget-text-editor:not(.elementor-drop-cap-view-default) .elementor-drop-cap-letter{width:1em;height:1em}.elementor-widget-text-editor .elementor-drop-cap{float:left;text-align:center;line-height:1;font-size:50px}.elementor-widget-text-editor .elementor-drop-cap-letter{display:inline-block}<\/style>\t\t\t\t<p>Oferecemos pagamento atrav\u00e9s do PayPal e Pix<\/p><p>Pix \u2013 Fa\u00e7a um pix para o Banco Nubank. Nessa modalidade, voc\u00ea ganha 5% de<br>desconto. Ap\u00f3s efetuar o pagamento, envie o comprovante para o e-mail<br>contatoquelpaper@gmail.com junto com seu nome completo e o n\u00famero do seu<br>pedido. O pagamento ser\u00e1 confirmado em at\u00e9 48h ap\u00f3s o envio.<\/p><p>Cart\u00e3o de Cr\u00e9dito \u2013 Pague com seu cart\u00e3o de cr\u00e9dito via link, parcele em quantas<br>vezes desejar. O parcelamento est\u00e1 sujeito a taxas por parte da plataforma.<br>Caso n\u00e3o haja pagamento em at\u00e9 24h o pedido ser\u00e1 cancelado.<\/p><p>IMPORTANTE: os pedidos s\u00f3 s\u00e3o liberados para a produ\u00e7\u00e3o ap\u00f3s a confirma\u00e7\u00e3o<br>do pagamento, sendo assim o prazo de 10 dias \u00fateis s\u00f3 come\u00e7a a valer a partir<br>da confirma\u00e7\u00e3o.<\/p><p>FORMAS DE ENVIO\/PRAZOS<br>Nossos produtos s\u00e3o personalizados e feitos sob encomenda. Por isso, \u00e9 necess\u00e1rio<br>um prazo para produzir e enviar o seu pedido, que \u00e9 de 10 dias \u00fateis.<br>Enviamos para todo o Brasil, atrav\u00e9s de SEDEX e PAC (correios) e<br>pela transportadora.<\/p><p>Ap\u00f3s o envio de sua encomenda, n\u00f3s lhe forneceremos o n\u00ba do rastreamento para<br>que voc\u00ea possa acompanhar sua entrega.<\/p><p>Os correios realizam duas tentativas de entrega e caso n\u00e3o sejam atendidos<br>devolvem seu pedido para n\u00f3s, e para enviarmos novamente cobramos outro frete.<br>Ent\u00e3o fique de olho no rastreio do seu pedido porque l\u00e1 v\u00e3o aparecer as tentativas<br>de entrega. Voc\u00ea pode baixar o app do Correios, que eles notificam tamb\u00e9m!<br>Se voc\u00ea escolheu o envio atrav\u00e9s da transportadora, pode acompanhar o rastreio<br>atrav\u00e9s do CPF informado na compra diretamente no site da transportadora.<br>IMPORTANTE: Confira seus dados de endere\u00e7o no momento da compra, pois<br>se digitar algum dado errado seu pedido ser\u00e1 enviado e devolvido para n\u00f3s, e<br>teremos que cobrar outro frete para reenvi\u00e1-lo.<\/p><p>RETIRADA<br>Clientes de Rio de Janeiro- Zona Norte, poder\u00e3o retirar seu pedido diretamente<br>em nosso endere\u00e7o. Voc\u00ea receber\u00e1 um e-mail avisando que pode retirar e assim<br>pode agendar o dia e hor\u00e1rio da retirada dentro do nosso hor\u00e1rio de atendimento<br>(seg a sex, das 9:30h as 18h)<\/p><p>O endere\u00e7o de retirada \u00e9: Cavalcante ou Madureira<\/p><p>Contato<br>Whatsapp: (21) 99522-5808<\/p><p>E-mail: contatoquelpaper@gmail.com<\/p><p>Hor\u00e1rio de Atendimento<br>Segunda \u00e1 Sexta feira das 09h \u00e1s 19h<br>S\u00e1bado 09h \u00e1s 13h<\/p>\t\t\t\t\t\t<\/div>\n\t\t\t\t<\/div>\n\t\t\t\t\t<\/div>\n\t\t<\/div>\n\t\t\t\t\t\t\t<\/div>\n\t\t<\/section>\n\t\t\t\t\t\t\t<\/div>\n\t\t","protected":false},"excerpt":{"rendered":"<p>Pol\u00edtica de Privacidade Oferecemos pagamento atrav\u00e9s do PayPal e Pix Pix \u2013 Fa\u00e7a um pix para o Banco Nubank. Nessa modalidade, voc\u00ea ganha 5% dedesconto. Ap\u00f3s efetuar o pagamento, envie o comprovante para o e-mailcontatoquelpaper@gmail.com junto com seu nome completo e o n\u00famero do seupedido. O pagamento ser\u00e1 confirmado em at\u00e9 48h ap\u00f3s o envio. [&hellip;]<\/p>\n","protected":false},"author":1,"featured_media":0,"parent":0,"menu_order":0,"comment_status":"closed","ping_status":"closed","template":"elementor_header_footer","meta":{"om_disable_all_campaigns":false,"_mi_skip_tracking":false,"_monsterinsights_sitenote_active":false,"_monsterinsights_sitenote_note":"","_monsterinsights_sitenote_category":0},"aioseo_notices":[],"_links":{"self":[{"href":"https:\/\/quelpaper.com.br\/index.php\/wp-json\/wp\/v2\/pages\/399"}],"collection":[{"href":"https:\/\/quelpaper.com.br\/index.php\/wp-json\/wp\/v2\/pages"}],"about":[{"href":"https:\/\/quelpaper.com.br\/index.php\/wp-json\/wp\/v2\/types\/page"}],"author":[{"embeddable":true,"href":"https:\/\/quelpaper.com.br\/index.php\/wp-json\/wp\/v2\/users\/1"}],"replies":[{"embeddable":true,"href":"https:\/\/quelpaper.com.br\/index.php\/wp-json\/wp\/v2\/comments?post=399"}],"version-history":[{"count":4,"href":"https:\/\/quelpaper.com.br\/index.php\/wp-json\/wp\/v2\/pages\/399\/revisions"}],"predecessor-version":[{"id":403,"href":"https:\/\/quelpaper.com.br\/index.php\/wp-json\/wp\/v2\/pages\/399\/revisions\/403"}],"wp:attachment":[{"href":"https:\/\/quelpaper.com.br\/index.php\/wp-json\/wp\/v2\/media?parent=399"}],"curies":[{"name":"wp","href":"https:\/\/api.w.org\/{rel}","templated":true}]}}