{"id":382,"date":"2023-08-23T17:20:38","date_gmt":"2023-08-23T17:20:38","guid":{"rendered":"https:\/\/quelpaper.com.br\/?page_id=382"},"modified":"2023-08-23T17:55:23","modified_gmt":"2023-08-23T17:55:23","slug":"perguntas-frequentes","status":"publish","type":"page","link":"https:\/\/quelpaper.com.br\/index.php\/perguntas-frequentes\/","title":{"rendered":"Perguntas Frequentes"},"content":{"rendered":"\t\t<div data-elementor-type=\"wp-page\" data-elementor-id=\"382\" class=\"elementor elementor-382\" data-elementor-post-type=\"page\">\n\t\t\t\t\t\t\t\t\t<section class=\"elementor-section elementor-top-section elementor-element elementor-element-b39e4eb elementor-section-boxed elementor-section-height-default elementor-section-height-default\" data-id=\"b39e4eb\" data-element_type=\"section\">\n\t\t\t\t\t\t<div class=\"elementor-container elementor-column-gap-default\">\n\t\t\t\t\t<div class=\"elementor-column elementor-col-100 elementor-top-column elementor-element elementor-element-c282dbf\" data-id=\"c282dbf\" data-element_type=\"column\">\n\t\t\t<div class=\"elementor-widget-wrap elementor-element-populated\">\n\t\t\t\t\t\t\t\t<div class=\"elementor-element elementor-element-97ec616 elementor-widget elementor-widget-heading\" data-id=\"97ec616\" data-element_type=\"widget\" data-widget_type=\"heading.default\">\n\t\t\t\t<div class=\"elementor-widget-container\">\n\t\t\t<style>\/*! elementor - v3.15.0 - 20-08-2023 *\/\n.elementor-heading-title{padding:0;margin:0;line-height:1}.elementor-widget-heading .elementor-heading-title[class*=elementor-size-]>a{color:inherit;font-size:inherit;line-height:inherit}.elementor-widget-heading .elementor-heading-title.elementor-size-small{font-size:15px}.elementor-widget-heading .elementor-heading-title.elementor-size-medium{font-size:19px}.elementor-widget-heading .elementor-heading-title.elementor-size-large{font-size:29px}.elementor-widget-heading .elementor-heading-title.elementor-size-xl{font-size:39px}.elementor-widget-heading .elementor-heading-title.elementor-size-xxl{font-size:59px}<\/style><h2 class=\"elementor-heading-title elementor-size-default\">Perguntas Frequentes<\/h2>\t\t<\/div>\n\t\t\t\t<\/div>\n\t\t\t\t\t<\/div>\n\t\t<\/div>\n\t\t\t\t\t\t\t<\/div>\n\t\t<\/section>\n\t\t\t\t<section class=\"elementor-section elementor-top-section elementor-element elementor-element-90d2b01 elementor-section-full_width elementor-section-height-default elementor-section-height-default\" data-id=\"90d2b01\" data-element_type=\"section\">\n\t\t\t\t\t\t<div class=\"elementor-container elementor-column-gap-no\">\n\t\t\t\t\t<div class=\"elementor-column elementor-col-100 elementor-top-column elementor-element elementor-element-4976067\" data-id=\"4976067\" data-element_type=\"column\">\n\t\t\t<div class=\"elementor-widget-wrap elementor-element-populated\">\n\t\t\t\t\t\t\t\t<div class=\"elementor-element elementor-element-d9999a7 elementor-widget elementor-widget-text-editor\" data-id=\"d9999a7\" data-element_type=\"widget\" data-widget_type=\"text-editor.default\">\n\t\t\t\t<div class=\"elementor-widget-container\">\n\t\t\t<style>\/*! elementor - v3.15.0 - 20-08-2023 *\/\n.elementor-widget-text-editor.elementor-drop-cap-view-stacked .elementor-drop-cap{background-color:#69727d;color:#fff}.elementor-widget-text-editor.elementor-drop-cap-view-framed .elementor-drop-cap{color:#69727d;border:3px solid;background-color:transparent}.elementor-widget-text-editor:not(.elementor-drop-cap-view-default) .elementor-drop-cap{margin-top:8px}.elementor-widget-text-editor:not(.elementor-drop-cap-view-default) .elementor-drop-cap-letter{width:1em;height:1em}.elementor-widget-text-editor .elementor-drop-cap{float:left;text-align:center;line-height:1;font-size:50px}.elementor-widget-text-editor .elementor-drop-cap-letter{display:inline-block}<\/style>\t\t\t\t<p>1. Qual o prazo de envio e entrega?<br \/>Nossos produtos s\u00e3o feitos artesanalmente, por isso temos um prazo de 15 dias \u00fateis para<br \/>produ\u00e7\u00e3o + o prazo de envio dos correios\/transportadora. Assim que seu pagamento for<br \/>confirmado, o seu pedido entra na fila de produ\u00e7\u00e3o.<\/p><p>2. Escolhi uma capa mas gostaria de fazer altera\u00e7\u00f5es, existe essa possibilidade?<br \/>N\u00e3o ser\u00e1 poss\u00edvel fazer altera\u00e7\u00f5es de nenhum tipo nos modelos de capas dos produtos.<\/p><p>3- N\u00e3o encontrei no site algo que eu gosto, existe outra op\u00e7\u00e3o?<br \/>Entre em contato pelo WhatsApp que iremos criar do jeitinho que voc\u00ea sempre sonhou<\/p><p>4. Queria uma capa totalmente personalizada, voc\u00eas fazem?<br \/>Sim. \u00c9 s\u00f3 escolher a op\u00e7\u00e3o \u201cpersonalizada para voc\u00ea\u201d e nos enviar sua logo, paleta, frase ou<br \/>nome . Logo em formato PNG( alta qualidade ), CDR ou Pdf<br \/>Para esse tipo de personaliza\u00e7\u00e3o mais complexa, o contato para detalhamento se d\u00e1 atrav\u00e9s<br \/>do email.<\/p><p>5. Posso pedir alguma altera\u00e7\u00e3o na parte de dentro dos produtos?<br \/>Essa op\u00e7\u00e3o n\u00e3o est\u00e1 dispon\u00edvel, nossos produtos seguem um padr\u00e3o.<\/p><p>6. Quero acrescentar outros produtos em um pedido j\u00e1 realizado, e agora?<br \/>Entre em contato conosco atrav\u00e9s dos nossos canais de atendimento para verificar a<br \/>possibilidade.<\/p><p>7. A cor do produto \u00e9 exatamente a que vejo na foto?<br \/>As cores dos produtos podem apresentar diferen\u00e7as entre as fotos de divulga\u00e7\u00e3o do site e\/ou<br \/>redes sociais ao produto real que \u00e9 enviado. Dependendo do dispositivo que voc\u00ea est\u00e1<br \/>utilizando para visualizar as imagens, das caracter\u00edsticas de cada material e do lote de<br \/>impress\u00e3o.<\/p><p>8. Como encomendar um produto?<br \/>Os pedidos devem ser feitos exclusivamente pelo site, n\u00e3o aceitamos pedidos via whatsapp.<br \/>Na hora de comprar esteja atento(a) as especifica\u00e7\u00f5es de cada produto. Dependendo de<br \/>cada um, pode haver diferen\u00e7a entre cores, modelos, tipo de papel, gramatura e etc.<\/p><p>Lembre-se de selecionar e conferir antes de finalizar a compra.<\/p><p>Se n\u00e3o encontrou uma resposta para a sua pergunta, entre em contato com a gente por e-mail: contatoquelpaper@gmail.com<\/p>\t\t\t\t\t\t<\/div>\n\t\t\t\t<\/div>\n\t\t\t\t\t<\/div>\n\t\t<\/div>\n\t\t\t\t\t\t\t<\/div>\n\t\t<\/section>\n\t\t\t\t\t\t\t<\/div>\n\t\t","protected":false},"excerpt":{"rendered":"<p>Perguntas Frequentes 1. Qual o prazo de envio e entrega?Nossos produtos s\u00e3o feitos artesanalmente, por isso temos um prazo de 15 dias \u00fateis paraprodu\u00e7\u00e3o + o prazo de envio dos correios\/transportadora. Assim que seu pagamento forconfirmado, o seu pedido entra na fila de produ\u00e7\u00e3o. 2. Escolhi uma capa mas gostaria de fazer altera\u00e7\u00f5es, existe essa [&hellip;]<\/p>\n","protected":false},"author":1,"featured_media":0,"parent":0,"menu_order":0,"comment_status":"closed","ping_status":"closed","template":"elementor_header_footer","meta":{"om_disable_all_campaigns":false,"_mi_skip_tracking":false,"_monsterinsights_sitenote_active":false,"_monsterinsights_sitenote_note":"","_monsterinsights_sitenote_category":0},"aioseo_notices":[],"_links":{"self":[{"href":"https:\/\/quelpaper.com.br\/index.php\/wp-json\/wp\/v2\/pages\/382"}],"collection":[{"href":"https:\/\/quelpaper.com.br\/index.php\/wp-json\/wp\/v2\/pages"}],"about":[{"href":"https:\/\/quelpaper.com.br\/index.php\/wp-json\/wp\/v2\/types\/page"}],"author":[{"embeddable":true,"href":"https:\/\/quelpaper.com.br\/index.php\/wp-json\/wp\/v2\/users\/1"}],"replies":[{"embeddable":true,"href":"https:\/\/quelpaper.com.br\/index.php\/wp-json\/wp\/v2\/comments?post=382"}],"version-history":[{"count":10,"href":"https:\/\/quelpaper.com.br\/index.php\/wp-json\/wp\/v2\/pages\/382\/revisions"}],"predecessor-version":[{"id":393,"href":"https:\/\/quelpaper.com.br\/index.php\/wp-json\/wp\/v2\/pages\/382\/revisions\/393"}],"wp:attachment":[{"href":"https:\/\/quelpaper.com.br\/index.php\/wp-json\/wp\/v2\/media?parent=382"}],"curies":[{"name":"wp","href":"https:\/\/api.w.org\/{rel}","templated":true}]}}